{"id":935,"date":"2021-12-08T15:22:37","date_gmt":"2021-12-08T20:22:37","guid":{"rendered":"https:\/\/gemagroup.ec\/?post_type=product&#038;p=935"},"modified":"2021-12-08T15:27:57","modified_gmt":"2021-12-08T20:27:57","slug":"medidor-de-velocidad-del-aire-tm-402-tm-404","status":"publish","type":"product","link":"https:\/\/gemaglobe.com\/index.php\/product\/medidor-de-velocidad-del-aire-tm-402-tm-404\/","title":{"rendered":"Medidor de velocidad del aire TM-402 ~ TM-404"},"content":{"rendered":"<p><em>La serie TM-40X mide la velocidad del aire, la temperatura y la humedad. Es ideal para mediciones puntuales en salidas de aire debido a su paleta de 30 mm. Adem\u00e1s de la velocidad y la temperatura del aire, tambi\u00e9n mide la humedad del aire y la presi\u00f3n absoluta. De esta forma, las condiciones del aire se pueden comprobar de forma fiable.<\/em><\/p>\n<p style=\"text-align: center;\"><strong>C\u00e1lculo del flujo de aire (volumen)<\/strong><\/p>\n<p style=\"text-align: center;\"><img loading=\"lazy\" class=\"alignnone size-large wp-image-936\" src=\"http:\/\/gemagroup.ec\/wp-content\/uploads\/2021\/12\/Captura-de-pantalla-2021-12-08-a-las-15.10.41-1024x155.png\" alt=\"\" width=\"640\" height=\"97\" srcset=\"https:\/\/gemaglobe.com\/wp-content\/uploads\/2021\/12\/Captura-de-pantalla-2021-12-08-a-las-15.10.41-1024x155.png 1024w, https:\/\/gemaglobe.com\/wp-content\/uploads\/2021\/12\/Captura-de-pantalla-2021-12-08-a-las-15.10.41-300x45.png 300w, https:\/\/gemaglobe.com\/wp-content\/uploads\/2021\/12\/Captura-de-pantalla-2021-12-08-a-las-15.10.41-768x116.png 768w, https:\/\/gemaglobe.com\/wp-content\/uploads\/2021\/12\/Captura-de-pantalla-2021-12-08-a-las-15.10.41-1536x232.png 1536w, https:\/\/gemaglobe.com\/wp-content\/uploads\/2021\/12\/Captura-de-pantalla-2021-12-08-a-las-15.10.41-840x127.png 840w, https:\/\/gemaglobe.com\/wp-content\/uploads\/2021\/12\/Captura-de-pantalla-2021-12-08-a-las-15.10.41-600x91.png 600w, https:\/\/gemaglobe.com\/wp-content\/uploads\/2021\/12\/Captura-de-pantalla-2021-12-08-a-las-15.10.41-64x10.png 64w, https:\/\/gemaglobe.com\/wp-content\/uploads\/2021\/12\/Captura-de-pantalla-2021-12-08-a-las-15.10.41.png 1840w\" sizes=\"(max-width: 640px) 100vw, 640px\" \/><\/p>\n<p style=\"text-align: center;\"><strong>Medida de temperatura<\/strong><\/p>\n<p style=\"text-align: center;\"><img loading=\"lazy\" class=\"alignnone size-large wp-image-937\" src=\"http:\/\/gemagroup.ec\/wp-content\/uploads\/2021\/12\/Captura-de-pantalla-2021-12-08-a-las-15.13.05-1024x151.png\" alt=\"\" width=\"640\" height=\"94\" srcset=\"https:\/\/gemaglobe.com\/wp-content\/uploads\/2021\/12\/Captura-de-pantalla-2021-12-08-a-las-15.13.05-1024x151.png 1024w, https:\/\/gemaglobe.com\/wp-content\/uploads\/2021\/12\/Captura-de-pantalla-2021-12-08-a-las-15.13.05-300x44.png 300w, https:\/\/gemaglobe.com\/wp-content\/uploads\/2021\/12\/Captura-de-pantalla-2021-12-08-a-las-15.13.05-768x113.png 768w, https:\/\/gemaglobe.com\/wp-content\/uploads\/2021\/12\/Captura-de-pantalla-2021-12-08-a-las-15.13.05-1536x226.png 1536w, https:\/\/gemaglobe.com\/wp-content\/uploads\/2021\/12\/Captura-de-pantalla-2021-12-08-a-las-15.13.05-840x124.png 840w, https:\/\/gemaglobe.com\/wp-content\/uploads\/2021\/12\/Captura-de-pantalla-2021-12-08-a-las-15.13.05-600x88.png 600w, https:\/\/gemaglobe.com\/wp-content\/uploads\/2021\/12\/Captura-de-pantalla-2021-12-08-a-las-15.13.05-64x9.png 64w, https:\/\/gemaglobe.com\/wp-content\/uploads\/2021\/12\/Captura-de-pantalla-2021-12-08-a-las-15.13.05.png 1822w\" sizes=\"(max-width: 640px) 100vw, 640px\" \/><\/p>\n<p style=\"text-align: center;\"><strong>Medida de humedad<\/strong><\/p>\n<p style=\"text-align: center;\"><img loading=\"lazy\" class=\"alignnone size-large wp-image-938\" src=\"http:\/\/gemagroup.ec\/wp-content\/uploads\/2021\/12\/Captura-de-pantalla-2021-12-08-a-las-15.14.12-1024x145.png\" alt=\"\" width=\"640\" height=\"91\" srcset=\"https:\/\/gemaglobe.com\/wp-content\/uploads\/2021\/12\/Captura-de-pantalla-2021-12-08-a-las-15.14.12-1024x145.png 1024w, https:\/\/gemaglobe.com\/wp-content\/uploads\/2021\/12\/Captura-de-pantalla-2021-12-08-a-las-15.14.12-300x43.png 300w, https:\/\/gemaglobe.com\/wp-content\/uploads\/2021\/12\/Captura-de-pantalla-2021-12-08-a-las-15.14.12-768x109.png 768w, https:\/\/gemaglobe.com\/wp-content\/uploads\/2021\/12\/Captura-de-pantalla-2021-12-08-a-las-15.14.12-1536x218.png 1536w, https:\/\/gemaglobe.com\/wp-content\/uploads\/2021\/12\/Captura-de-pantalla-2021-12-08-a-las-15.14.12-840x119.png 840w, https:\/\/gemaglobe.com\/wp-content\/uploads\/2021\/12\/Captura-de-pantalla-2021-12-08-a-las-15.14.12-600x85.png 600w, https:\/\/gemaglobe.com\/wp-content\/uploads\/2021\/12\/Captura-de-pantalla-2021-12-08-a-las-15.14.12-64x9.png 64w, https:\/\/gemaglobe.com\/wp-content\/uploads\/2021\/12\/Captura-de-pantalla-2021-12-08-a-las-15.14.12.png 1818w\" sizes=\"(max-width: 640px) 100vw, 640px\" \/><\/p>\n<p style=\"text-align: center;\"><strong>Presi\u00f3n absoluta<\/strong><\/p>\n<p style=\"text-align: center;\"><img loading=\"lazy\" class=\"alignnone size-large wp-image-939\" src=\"http:\/\/gemagroup.ec\/wp-content\/uploads\/2021\/12\/Captura-de-pantalla-2021-12-08-a-las-15.15.29-1024x193.png\" alt=\"\" width=\"640\" height=\"121\" srcset=\"https:\/\/gemaglobe.com\/wp-content\/uploads\/2021\/12\/Captura-de-pantalla-2021-12-08-a-las-15.15.29-1024x193.png 1024w, https:\/\/gemaglobe.com\/wp-content\/uploads\/2021\/12\/Captura-de-pantalla-2021-12-08-a-las-15.15.29-300x57.png 300w, https:\/\/gemaglobe.com\/wp-content\/uploads\/2021\/12\/Captura-de-pantalla-2021-12-08-a-las-15.15.29-768x145.png 768w, https:\/\/gemaglobe.com\/wp-content\/uploads\/2021\/12\/Captura-de-pantalla-2021-12-08-a-las-15.15.29-1536x290.png 1536w, https:\/\/gemaglobe.com\/wp-content\/uploads\/2021\/12\/Captura-de-pantalla-2021-12-08-a-las-15.15.29-840x159.png 840w, https:\/\/gemaglobe.com\/wp-content\/uploads\/2021\/12\/Captura-de-pantalla-2021-12-08-a-las-15.15.29-600x113.png 600w, https:\/\/gemaglobe.com\/wp-content\/uploads\/2021\/12\/Captura-de-pantalla-2021-12-08-a-las-15.15.29-64x12.png 64w, https:\/\/gemaglobe.com\/wp-content\/uploads\/2021\/12\/Captura-de-pantalla-2021-12-08-a-las-15.15.29.png 1822w\" sizes=\"(max-width: 640px) 100vw, 640px\" \/><\/p>\n<p style=\"text-align: center;\"><strong>Funciones<\/strong><\/p>\n<p style=\"text-align: center;\"><img loading=\"lazy\" class=\"alignnone size-large wp-image-940\" src=\"http:\/\/gemagroup.ec\/wp-content\/uploads\/2021\/12\/Captura-de-pantalla-2021-12-08-a-las-15.16.27-1024x196.png\" alt=\"\" width=\"640\" height=\"123\" srcset=\"https:\/\/gemaglobe.com\/wp-content\/uploads\/2021\/12\/Captura-de-pantalla-2021-12-08-a-las-15.16.27-1024x196.png 1024w, https:\/\/gemaglobe.com\/wp-content\/uploads\/2021\/12\/Captura-de-pantalla-2021-12-08-a-las-15.16.27-300x58.png 300w, https:\/\/gemaglobe.com\/wp-content\/uploads\/2021\/12\/Captura-de-pantalla-2021-12-08-a-las-15.16.27-768x147.png 768w, https:\/\/gemaglobe.com\/wp-content\/uploads\/2021\/12\/Captura-de-pantalla-2021-12-08-a-las-15.16.27-1536x294.png 1536w, https:\/\/gemaglobe.com\/wp-content\/uploads\/2021\/12\/Captura-de-pantalla-2021-12-08-a-las-15.16.27-840x161.png 840w, https:\/\/gemaglobe.com\/wp-content\/uploads\/2021\/12\/Captura-de-pantalla-2021-12-08-a-las-15.16.27-600x115.png 600w, https:\/\/gemaglobe.com\/wp-content\/uploads\/2021\/12\/Captura-de-pantalla-2021-12-08-a-las-15.16.27-64x12.png 64w, https:\/\/gemaglobe.com\/wp-content\/uploads\/2021\/12\/Captura-de-pantalla-2021-12-08-a-las-15.16.27.png 1826w\" sizes=\"(max-width: 640px) 100vw, 640px\" \/><\/p>\n<p style=\"text-align: center;\"><strong>Medici\u00f3n de la velocidad del aire<\/strong><\/p>\n<p style=\"text-align: center;\"><img loading=\"lazy\" class=\"alignnone size-large wp-image-941\" src=\"http:\/\/gemagroup.ec\/wp-content\/uploads\/2021\/12\/Captura-de-pantalla-2021-12-08-a-las-15.17.25-1024x354.png\" alt=\"\" width=\"640\" height=\"221\" srcset=\"https:\/\/gemaglobe.com\/wp-content\/uploads\/2021\/12\/Captura-de-pantalla-2021-12-08-a-las-15.17.25-1024x354.png 1024w, https:\/\/gemaglobe.com\/wp-content\/uploads\/2021\/12\/Captura-de-pantalla-2021-12-08-a-las-15.17.25-300x104.png 300w, https:\/\/gemaglobe.com\/wp-content\/uploads\/2021\/12\/Captura-de-pantalla-2021-12-08-a-las-15.17.25-768x266.png 768w, https:\/\/gemaglobe.com\/wp-content\/uploads\/2021\/12\/Captura-de-pantalla-2021-12-08-a-las-15.17.25-1536x532.png 1536w, https:\/\/gemaglobe.com\/wp-content\/uploads\/2021\/12\/Captura-de-pantalla-2021-12-08-a-las-15.17.25-840x291.png 840w, https:\/\/gemaglobe.com\/wp-content\/uploads\/2021\/12\/Captura-de-pantalla-2021-12-08-a-las-15.17.25-600x208.png 600w, https:\/\/gemaglobe.com\/wp-content\/uploads\/2021\/12\/Captura-de-pantalla-2021-12-08-a-las-15.17.25-64x22.png 64w, https:\/\/gemaglobe.com\/wp-content\/uploads\/2021\/12\/Captura-de-pantalla-2021-12-08-a-las-15.17.25.png 1826w\" sizes=\"(max-width: 640px) 100vw, 640px\" \/><\/p>\n","protected":false},"excerpt":{"rendered":"<ul>\n<li>Paleta de pl\u00e1stico de 30 mm 6<\/li>\n<li>Respuesta de aire ligero 0,4 m \/ s<\/li>\n<li>Funci\u00f3n de c\u00e1lculo de flujo de aire.<\/li>\n<li>Max \/ Min \/ Avg y retenci\u00f3n de datos.<\/li>\n<li>Capacidad de memoria: 99 registros.<\/li>\n<li>Funci\u00f3n de recuperaci\u00f3n de memoria.<\/li>\n<li>Funci\u00f3n de luz de fondo.<\/li>\n<li>Sensor de presi\u00f3n absoluta<\/li>\n<li>Sensor de humedad<\/li>\n<\/ul>\n","protected":false},"featured_media":942,"comment_status":"open","ping_status":"closed","template":"","meta":[],"_links":{"self":[{"href":"https:\/\/gemaglobe.com\/index.php\/wp-json\/wp\/v2\/product\/935"}],"collection":[{"href":"https:\/\/gemaglobe.com\/index.php\/wp-json\/wp\/v2\/product"}],"about":[{"href":"https:\/\/gemaglobe.com\/index.php\/wp-json\/wp\/v2\/types\/product"}],"replies":[{"embeddable":true,"href":"https:\/\/gemaglobe.com\/index.php\/wp-json\/wp\/v2\/comments?post=935"}],"wp:featuredmedia":[{"embeddable":true,"href":"https:\/\/gemaglobe.com\/index.php\/wp-json\/wp\/v2\/media\/942"}],"wp:attachment":[{"href":"https:\/\/gemaglobe.com\/index.php\/wp-json\/wp\/v2\/media?parent=935"}],"curies":[{"name":"wp","href":"https:\/\/api.w.org\/{rel}","templated":true}]}}