{"id":943,"date":"2021-12-08T15:46:58","date_gmt":"2021-12-08T20:46:58","guid":{"rendered":"https:\/\/gemagroup.ec\/?post_type=product&#038;p=943"},"modified":"2021-12-08T15:46:59","modified_gmt":"2021-12-08T20:46:59","slug":"tm-4001-4002-anemometro-de-hilo-caliente","status":"publish","type":"product","link":"https:\/\/gemaglobe.com\/index.php\/product\/tm-4001-4002-anemometro-de-hilo-caliente\/","title":{"rendered":"TM-4001\/4002 Anem\u00f3metro de hilo caliente"},"content":{"rendered":"<p><em>Rendimiento del sistema HVAC &#8211; Puesta en servicio &#8211; Mantenimiento de planta<\/em><\/p>\n<p style=\"text-align: center;\"><strong>Especificaciones.<\/strong><\/p>\n<p style=\"text-align: center;\">Dimensiones: 156 x73 x35 mm (largo x ancho x alto).<br \/>\nPeso: 250 g.<br \/>\nEnerg\u00eda: LR6 (AA) 1.5V x6 Bater\u00eda<br \/>\nDatos almacenados: 99 registros.<\/p>\n<p style=\"text-align: center;\"><strong>C\u00e1lculo del flujo de aire (volumen)<\/strong><\/p>\n<p><img loading=\"lazy\" class=\"alignnone size-large wp-image-944 aligncenter\" src=\"http:\/\/gemagroup.ec\/wp-content\/uploads\/2021\/12\/Captura-de-pantalla-2021-12-08-a-las-15.40.39-1024x146.png\" alt=\"\" width=\"640\" height=\"91\" srcset=\"https:\/\/gemaglobe.com\/wp-content\/uploads\/2021\/12\/Captura-de-pantalla-2021-12-08-a-las-15.40.39-1024x146.png 1024w, https:\/\/gemaglobe.com\/wp-content\/uploads\/2021\/12\/Captura-de-pantalla-2021-12-08-a-las-15.40.39-300x43.png 300w, https:\/\/gemaglobe.com\/wp-content\/uploads\/2021\/12\/Captura-de-pantalla-2021-12-08-a-las-15.40.39-768x109.png 768w, https:\/\/gemaglobe.com\/wp-content\/uploads\/2021\/12\/Captura-de-pantalla-2021-12-08-a-las-15.40.39-1536x219.png 1536w, https:\/\/gemaglobe.com\/wp-content\/uploads\/2021\/12\/Captura-de-pantalla-2021-12-08-a-las-15.40.39-840x120.png 840w, https:\/\/gemaglobe.com\/wp-content\/uploads\/2021\/12\/Captura-de-pantalla-2021-12-08-a-las-15.40.39-600x85.png 600w, https:\/\/gemaglobe.com\/wp-content\/uploads\/2021\/12\/Captura-de-pantalla-2021-12-08-a-las-15.40.39-64x9.png 64w, https:\/\/gemaglobe.com\/wp-content\/uploads\/2021\/12\/Captura-de-pantalla-2021-12-08-a-las-15.40.39.png 1826w\" sizes=\"(max-width: 640px) 100vw, 640px\" \/><\/p>\n<p style=\"text-align: center;\"><strong>Medida de temperatura<\/strong><\/p>\n<p style=\"text-align: center;\"><img loading=\"lazy\" class=\"alignnone size-large wp-image-945\" src=\"http:\/\/gemagroup.ec\/wp-content\/uploads\/2021\/12\/Captura-de-pantalla-2021-12-08-a-las-15.41.39-1024x149.png\" alt=\"\" width=\"640\" height=\"93\" srcset=\"https:\/\/gemaglobe.com\/wp-content\/uploads\/2021\/12\/Captura-de-pantalla-2021-12-08-a-las-15.41.39-1024x149.png 1024w, https:\/\/gemaglobe.com\/wp-content\/uploads\/2021\/12\/Captura-de-pantalla-2021-12-08-a-las-15.41.39-300x44.png 300w, https:\/\/gemaglobe.com\/wp-content\/uploads\/2021\/12\/Captura-de-pantalla-2021-12-08-a-las-15.41.39-768x112.png 768w, https:\/\/gemaglobe.com\/wp-content\/uploads\/2021\/12\/Captura-de-pantalla-2021-12-08-a-las-15.41.39-1536x224.png 1536w, https:\/\/gemaglobe.com\/wp-content\/uploads\/2021\/12\/Captura-de-pantalla-2021-12-08-a-las-15.41.39-840x123.png 840w, https:\/\/gemaglobe.com\/wp-content\/uploads\/2021\/12\/Captura-de-pantalla-2021-12-08-a-las-15.41.39-600x88.png 600w, https:\/\/gemaglobe.com\/wp-content\/uploads\/2021\/12\/Captura-de-pantalla-2021-12-08-a-las-15.41.39-64x9.png 64w, https:\/\/gemaglobe.com\/wp-content\/uploads\/2021\/12\/Captura-de-pantalla-2021-12-08-a-las-15.41.39.png 1824w\" sizes=\"(max-width: 640px) 100vw, 640px\" \/><\/p>\n<p style=\"text-align: center;\"><strong>Rango de humedad: 5% ~ 95%<\/strong><\/p>\n<p style=\"text-align: center;\"><img loading=\"lazy\" class=\"alignnone size-large wp-image-946\" src=\"http:\/\/gemagroup.ec\/wp-content\/uploads\/2021\/12\/Captura-de-pantalla-2021-12-08-a-las-15.42.45-1024x150.png\" alt=\"\" width=\"640\" height=\"94\" srcset=\"https:\/\/gemaglobe.com\/wp-content\/uploads\/2021\/12\/Captura-de-pantalla-2021-12-08-a-las-15.42.45-1024x150.png 1024w, https:\/\/gemaglobe.com\/wp-content\/uploads\/2021\/12\/Captura-de-pantalla-2021-12-08-a-las-15.42.45-300x44.png 300w, https:\/\/gemaglobe.com\/wp-content\/uploads\/2021\/12\/Captura-de-pantalla-2021-12-08-a-las-15.42.45-768x112.png 768w, https:\/\/gemaglobe.com\/wp-content\/uploads\/2021\/12\/Captura-de-pantalla-2021-12-08-a-las-15.42.45-1536x224.png 1536w, https:\/\/gemaglobe.com\/wp-content\/uploads\/2021\/12\/Captura-de-pantalla-2021-12-08-a-las-15.42.45-840x123.png 840w, https:\/\/gemaglobe.com\/wp-content\/uploads\/2021\/12\/Captura-de-pantalla-2021-12-08-a-las-15.42.45-600x88.png 600w, https:\/\/gemaglobe.com\/wp-content\/uploads\/2021\/12\/Captura-de-pantalla-2021-12-08-a-las-15.42.45-64x9.png 64w, https:\/\/gemaglobe.com\/wp-content\/uploads\/2021\/12\/Captura-de-pantalla-2021-12-08-a-las-15.42.45.png 1820w\" sizes=\"(max-width: 640px) 100vw, 640px\" \/><\/p>\n<p style=\"text-align: center;\"><strong>Medida de la velocidad del aire<\/strong><\/p>\n<p style=\"text-align: center;\"><img loading=\"lazy\" class=\"alignnone size-large wp-image-947\" src=\"http:\/\/gemagroup.ec\/wp-content\/uploads\/2021\/12\/Captura-de-pantalla-2021-12-08-a-las-15.43.40-1024x333.png\" alt=\"\" width=\"640\" height=\"208\" srcset=\"https:\/\/gemaglobe.com\/wp-content\/uploads\/2021\/12\/Captura-de-pantalla-2021-12-08-a-las-15.43.40-1024x333.png 1024w, https:\/\/gemaglobe.com\/wp-content\/uploads\/2021\/12\/Captura-de-pantalla-2021-12-08-a-las-15.43.40-300x98.png 300w, https:\/\/gemaglobe.com\/wp-content\/uploads\/2021\/12\/Captura-de-pantalla-2021-12-08-a-las-15.43.40-768x250.png 768w, https:\/\/gemaglobe.com\/wp-content\/uploads\/2021\/12\/Captura-de-pantalla-2021-12-08-a-las-15.43.40-1536x500.png 1536w, https:\/\/gemaglobe.com\/wp-content\/uploads\/2021\/12\/Captura-de-pantalla-2021-12-08-a-las-15.43.40-840x274.png 840w, https:\/\/gemaglobe.com\/wp-content\/uploads\/2021\/12\/Captura-de-pantalla-2021-12-08-a-las-15.43.40-600x195.png 600w, https:\/\/gemaglobe.com\/wp-content\/uploads\/2021\/12\/Captura-de-pantalla-2021-12-08-a-las-15.43.40-64x21.png 64w, https:\/\/gemaglobe.com\/wp-content\/uploads\/2021\/12\/Captura-de-pantalla-2021-12-08-a-las-15.43.40.png 1824w\" sizes=\"(max-width: 640px) 100vw, 640px\" \/><\/p>\n<p style=\"text-align: center;\"><strong>Funciones<\/strong><\/p>\n<p style=\"text-align: center;\"><img loading=\"lazy\" class=\"alignnone size-large wp-image-948\" src=\"http:\/\/gemagroup.ec\/wp-content\/uploads\/2021\/12\/Captura-de-pantalla-2021-12-08-a-las-15.44.36-1024x200.png\" alt=\"\" width=\"640\" height=\"125\" srcset=\"https:\/\/gemaglobe.com\/wp-content\/uploads\/2021\/12\/Captura-de-pantalla-2021-12-08-a-las-15.44.36-1024x200.png 1024w, https:\/\/gemaglobe.com\/wp-content\/uploads\/2021\/12\/Captura-de-pantalla-2021-12-08-a-las-15.44.36-300x58.png 300w, https:\/\/gemaglobe.com\/wp-content\/uploads\/2021\/12\/Captura-de-pantalla-2021-12-08-a-las-15.44.36-768x150.png 768w, https:\/\/gemaglobe.com\/wp-content\/uploads\/2021\/12\/Captura-de-pantalla-2021-12-08-a-las-15.44.36-1536x299.png 1536w, https:\/\/gemaglobe.com\/wp-content\/uploads\/2021\/12\/Captura-de-pantalla-2021-12-08-a-las-15.44.36-840x164.png 840w, https:\/\/gemaglobe.com\/wp-content\/uploads\/2021\/12\/Captura-de-pantalla-2021-12-08-a-las-15.44.36-600x117.png 600w, https:\/\/gemaglobe.com\/wp-content\/uploads\/2021\/12\/Captura-de-pantalla-2021-12-08-a-las-15.44.36-64x12.png 64w, https:\/\/gemaglobe.com\/wp-content\/uploads\/2021\/12\/Captura-de-pantalla-2021-12-08-a-las-15.44.36.png 1826w\" sizes=\"(max-width: 640px) 100vw, 640px\" \/><\/p>\n","protected":false},"excerpt":{"rendered":"<ul>\n<li>Sonda telesc\u00f3pica de respuesta r\u00e1pida.<\/li>\n<li>Volumen de flujo de aire.<\/li>\n<li>Gran pantalla LCD.<\/li>\n<li>Muestra la velocidad del aire (viento) en metros \/ segundo, pies \/ minuto, kil\u00f3metros \/ hora, nudos y millas \/ hora.<\/li>\n<li>Muestra lecturas m\u00e1ximas y m\u00ednimas y mantiene cualquier lectura.<\/li>\n<li>Memoria de datos manual y funci\u00f3n de lectura (99 registros). (TM-4001 \/ TM-4002)<\/li>\n<li>Punto de roc\u00edo, c\u00e1lculo de bulbo h\u00famedo. (TM-4002)<\/li>\n<\/ul>\n","protected":false},"featured_media":949,"comment_status":"open","ping_status":"closed","template":"","meta":[],"_links":{"self":[{"href":"https:\/\/gemaglobe.com\/index.php\/wp-json\/wp\/v2\/product\/943"}],"collection":[{"href":"https:\/\/gemaglobe.com\/index.php\/wp-json\/wp\/v2\/product"}],"about":[{"href":"https:\/\/gemaglobe.com\/index.php\/wp-json\/wp\/v2\/types\/product"}],"replies":[{"embeddable":true,"href":"https:\/\/gemaglobe.com\/index.php\/wp-json\/wp\/v2\/comments?post=943"}],"wp:featuredmedia":[{"embeddable":true,"href":"https:\/\/gemaglobe.com\/index.php\/wp-json\/wp\/v2\/media\/949"}],"wp:attachment":[{"href":"https:\/\/gemaglobe.com\/index.php\/wp-json\/wp\/v2\/media?parent=943"}],"curies":[{"name":"wp","href":"https:\/\/api.w.org\/{rel}","templated":true}]}}