{"id":950,"date":"2021-12-08T19:43:20","date_gmt":"2021-12-09T00:43:20","guid":{"rendered":"https:\/\/gemagroup.ec\/?post_type=product&#038;p=950"},"modified":"2021-12-08T19:43:21","modified_gmt":"2021-12-09T00:43:21","slug":"medidor-de-co-tm-801","status":"publish","type":"product","link":"https:\/\/gemaglobe.com\/index.php\/product\/medidor-de-co-tm-801\/","title":{"rendered":"Medidor de CO TM-801"},"content":{"rendered":"<p><em>El medidor de CO TM-801 se utiliza para medir los niveles de CO a 1000 ppm.<\/em><\/p>\n<p style=\"text-align: center;\"><strong>Especificaciones<\/strong><\/p>\n<p style=\"text-align: center;\">&#8211; LCD retroiluminado de 4 dgt con un m\u00e1ximo de 1000 cuentas.<\/p>\n<p style=\"text-align: center;\">&#8211; Frecuencia de muestreo: 1 vez \/ segundo<\/p>\n<p style=\"text-align: center;\">&#8211; Retenci\u00f3n m\u00e1xima \/ m\u00ednima \/ media.<\/p>\n<p style=\"text-align: center;\">&#8211; Retenci\u00f3n de datos.<\/p>\n<p style=\"text-align: center;\">&#8211; Indicaci\u00f3n de bater\u00eda baja<\/p>\n<p style=\"text-align: center;\">&#8211; Apagado autom\u00e1tico con funci\u00f3n de desactivaci\u00f3n<\/p>\n<p style=\"text-align: center;\">&#8211; Alarma ajustable.<\/p>\n<p style=\"text-align: center;\">&#8211; Frecuencia de muestreo: 1 vez \/ segundo.<\/p>\n<p style=\"text-align: center;\">A 23 \u2103 \u00b1 0,5 \u2103, HR &lt;75%<\/p>\n<p style=\"text-align: center;\"><strong>Medici\u00f3n de CO<\/strong><\/p>\n<p style=\"text-align: center;\"><img loading=\"lazy\" class=\"alignnone size-large wp-image-951\" src=\"http:\/\/gemagroup.ec\/wp-content\/uploads\/2021\/12\/Captura-de-pantalla-2021-12-08-a-las-19.36.51-1024x377.png\" alt=\"\" width=\"640\" height=\"236\" srcset=\"https:\/\/gemaglobe.com\/wp-content\/uploads\/2021\/12\/Captura-de-pantalla-2021-12-08-a-las-19.36.51-1024x377.png 1024w, https:\/\/gemaglobe.com\/wp-content\/uploads\/2021\/12\/Captura-de-pantalla-2021-12-08-a-las-19.36.51-300x110.png 300w, https:\/\/gemaglobe.com\/wp-content\/uploads\/2021\/12\/Captura-de-pantalla-2021-12-08-a-las-19.36.51-768x283.png 768w, https:\/\/gemaglobe.com\/wp-content\/uploads\/2021\/12\/Captura-de-pantalla-2021-12-08-a-las-19.36.51-1536x566.png 1536w, https:\/\/gemaglobe.com\/wp-content\/uploads\/2021\/12\/Captura-de-pantalla-2021-12-08-a-las-19.36.51-840x309.png 840w, https:\/\/gemaglobe.com\/wp-content\/uploads\/2021\/12\/Captura-de-pantalla-2021-12-08-a-las-19.36.51-600x221.png 600w, https:\/\/gemaglobe.com\/wp-content\/uploads\/2021\/12\/Captura-de-pantalla-2021-12-08-a-las-19.36.51-64x24.png 64w, https:\/\/gemaglobe.com\/wp-content\/uploads\/2021\/12\/Captura-de-pantalla-2021-12-08-a-las-19.36.51.png 1830w\" sizes=\"(max-width: 640px) 100vw, 640px\" \/><\/p>\n<p style=\"text-align: center;\"><strong>Medida de temperatura:<\/strong><\/p>\n<p style=\"text-align: center;\"><img loading=\"lazy\" class=\"alignnone size-large wp-image-952\" src=\"http:\/\/gemagroup.ec\/wp-content\/uploads\/2021\/12\/Captura-de-pantalla-2021-12-08-a-las-19.38.11-1024x153.png\" alt=\"\" width=\"640\" height=\"96\" srcset=\"https:\/\/gemaglobe.com\/wp-content\/uploads\/2021\/12\/Captura-de-pantalla-2021-12-08-a-las-19.38.11-1024x153.png 1024w, https:\/\/gemaglobe.com\/wp-content\/uploads\/2021\/12\/Captura-de-pantalla-2021-12-08-a-las-19.38.11-300x45.png 300w, https:\/\/gemaglobe.com\/wp-content\/uploads\/2021\/12\/Captura-de-pantalla-2021-12-08-a-las-19.38.11-768x115.png 768w, https:\/\/gemaglobe.com\/wp-content\/uploads\/2021\/12\/Captura-de-pantalla-2021-12-08-a-las-19.38.11-1536x229.png 1536w, https:\/\/gemaglobe.com\/wp-content\/uploads\/2021\/12\/Captura-de-pantalla-2021-12-08-a-las-19.38.11-840x125.png 840w, https:\/\/gemaglobe.com\/wp-content\/uploads\/2021\/12\/Captura-de-pantalla-2021-12-08-a-las-19.38.11-600x89.png 600w, https:\/\/gemaglobe.com\/wp-content\/uploads\/2021\/12\/Captura-de-pantalla-2021-12-08-a-las-19.38.11-64x10.png 64w, https:\/\/gemaglobe.com\/wp-content\/uploads\/2021\/12\/Captura-de-pantalla-2021-12-08-a-las-19.38.11.png 1824w\" sizes=\"(max-width: 640px) 100vw, 640px\" \/><\/p>\n<p style=\"text-align: center;\">Fuente de alimentaci\u00f3n: bater\u00eda de 1.5V UM-4 (AAA) \u00d7 6 PCS o AC100 ~ 240V o Adaptador de CC 9V t 0.5A (9mm).<\/p>\n<p style=\"text-align: center;\">Duraci\u00f3n de la bater\u00eda: aproximadamente 90 horas.<\/p>\n<p style=\"text-align: center;\">Temperatura y humedad de funcionamiento: -20 \u00b0 C a + 50 \u00b0 C,<\/p>\n<p style=\"text-align: center;\">Temperatura y humedad de almacenamiento: -10 \u00b0 C a + 50 \u00b0 C, &lt;70% RH.<\/p>\n<p style=\"text-align: center;\">Dimensi\u00f3n: 156 \u00d7 73 \u00d7 35 mm (LxWxH).<\/p>\n<p style=\"text-align: center;\">Peso: aproximadamente 250g (pilas no incluidas).<\/p>\n<p style=\"text-align: center;\">Accesorios est\u00e1ndar: bater\u00eda UM-4 (AAA) de 1,5 V \u00d7 6 piezas, manual del usuario<\/p>\n","protected":false},"excerpt":{"rendered":"<ul>\n<li>LCD retroiluminada de -4 d\u00edgitos con un m\u00e1ximo de 1.000 cuentas.<\/li>\n<li>Dual visualizaci\u00f3n de las lecturas de CO y Temperatura.<\/li>\n<li>Rango CO: 0 ~ 1,000ppm.<\/li>\n<li>Rango de temperatura: -20 ~ 50 \u00baC (-4 ~ 122 \u00baF).<\/li>\n<li>F\u00e1cil de calibrar a 100 ppm o 500 ppm.<\/li>\n<\/ul>\n","protected":false},"featured_media":953,"comment_status":"open","ping_status":"closed","template":"","meta":[],"_links":{"self":[{"href":"https:\/\/gemaglobe.com\/index.php\/wp-json\/wp\/v2\/product\/950"}],"collection":[{"href":"https:\/\/gemaglobe.com\/index.php\/wp-json\/wp\/v2\/product"}],"about":[{"href":"https:\/\/gemaglobe.com\/index.php\/wp-json\/wp\/v2\/types\/product"}],"replies":[{"embeddable":true,"href":"https:\/\/gemaglobe.com\/index.php\/wp-json\/wp\/v2\/comments?post=950"}],"wp:featuredmedia":[{"embeddable":true,"href":"https:\/\/gemaglobe.com\/index.php\/wp-json\/wp\/v2\/media\/953"}],"wp:attachment":[{"href":"https:\/\/gemaglobe.com\/index.php\/wp-json\/wp\/v2\/media?parent=950"}],"curies":[{"name":"wp","href":"https:\/\/api.w.org\/{rel}","templated":true}]}}