{"id":960,"date":"2021-12-08T20:27:28","date_gmt":"2021-12-09T01:27:28","guid":{"rendered":"https:\/\/gemagroup.ec\/?post_type=product&#038;p=960"},"modified":"2021-12-08T20:27:29","modified_gmt":"2021-12-09T01:27:29","slug":"st-501-_-monitor-de-calidad-del-aire-interior","status":"publish","type":"product","link":"https:\/\/gemaglobe.com\/index.php\/product\/st-501-_-monitor-de-calidad-del-aire-interior\/","title":{"rendered":"ST-501 _ Monitor de calidad del aire interior"},"content":{"rendered":"<p><em>ST-501 es un excelente instrumento de calidad del aire interior (IAQ) que mide el di\u00f3xido de carbono (CO2), la humedad relativa (RH) y la temperatura.<\/em><\/p>\n<p><em>&#8211; Monitoreo de HVAC de edificios.<\/em><\/p>\n<p><em>&#8211; Encuesta de calidad del aire interior.<\/em><\/p>\n<p><em>&#8211; Localizar la presencia de humos de combusti\u00f3n de veh\u00edculos y electrodom\u00e9sticos.<\/em><\/p>\n<p style=\"text-align: center;\"><strong>Especificaciones.<\/strong><\/p>\n<p style=\"text-align: center;\">&#8211; M\u00e9todo de detecci\u00f3n de CO2: NDIR (infrarrojo no dispersivo)<\/p>\n<p style=\"text-align: center;\">&#8211; Medidas: Di\u00f3xido de carbono en PPM, temperatura (F o C),% de humedad relativa<\/p>\n<p style=\"text-align: center;\">&#8211; Rango de medici\u00f3n de CO2: 0 ~ 9999 ppm (2001 ~ 9999 ppm sobre el rango)<\/p>\n<p style=\"text-align: center;\">&#8211; Precisi\u00f3n de CO2: \u00b1 60 ppm, \u00b1 5% de lectura (0 ~ 2000 ppm)<\/p>\n<p style=\"text-align: center;\">&#8211; Resoluci\u00f3n de pantalla: \u00b1 1 ppm<\/p>\n<p style=\"text-align: center;\">&#8211; Registro de datos: 17.000 registros,<\/p>\n<p style=\"text-align: center;\">&#8211; Descarga USB r\u00e1pida (50.000 registros en menos de 10 segundos).<\/p>\n<p style=\"text-align: center;\"><strong>Sensor de CO2<\/strong><\/p>\n<p style=\"text-align: center;\"><img loading=\"lazy\" class=\"alignnone size-large wp-image-961\" src=\"http:\/\/gemagroup.ec\/wp-content\/uploads\/2021\/12\/Captura-de-pantalla-2021-12-08-a-las-20.21.49-1024x241.png\" alt=\"\" width=\"640\" height=\"151\" srcset=\"https:\/\/gemaglobe.com\/wp-content\/uploads\/2021\/12\/Captura-de-pantalla-2021-12-08-a-las-20.21.49-1024x241.png 1024w, https:\/\/gemaglobe.com\/wp-content\/uploads\/2021\/12\/Captura-de-pantalla-2021-12-08-a-las-20.21.49-300x71.png 300w, https:\/\/gemaglobe.com\/wp-content\/uploads\/2021\/12\/Captura-de-pantalla-2021-12-08-a-las-20.21.49-768x181.png 768w, https:\/\/gemaglobe.com\/wp-content\/uploads\/2021\/12\/Captura-de-pantalla-2021-12-08-a-las-20.21.49-1536x362.png 1536w, https:\/\/gemaglobe.com\/wp-content\/uploads\/2021\/12\/Captura-de-pantalla-2021-12-08-a-las-20.21.49-840x198.png 840w, https:\/\/gemaglobe.com\/wp-content\/uploads\/2021\/12\/Captura-de-pantalla-2021-12-08-a-las-20.21.49-600x141.png 600w, https:\/\/gemaglobe.com\/wp-content\/uploads\/2021\/12\/Captura-de-pantalla-2021-12-08-a-las-20.21.49-64x15.png 64w, https:\/\/gemaglobe.com\/wp-content\/uploads\/2021\/12\/Captura-de-pantalla-2021-12-08-a-las-20.21.49.png 1818w\" sizes=\"(max-width: 640px) 100vw, 640px\" \/><\/p>\n<p style=\"text-align: center;\"><strong>General<\/strong><\/p>\n<p style=\"text-align: center;\"><img loading=\"lazy\" class=\"alignnone size-large wp-image-962\" src=\"http:\/\/gemagroup.ec\/wp-content\/uploads\/2021\/12\/Captura-de-pantalla-2021-12-08-a-las-20.22.53-1024x152.png\" alt=\"\" width=\"640\" height=\"95\" srcset=\"https:\/\/gemaglobe.com\/wp-content\/uploads\/2021\/12\/Captura-de-pantalla-2021-12-08-a-las-20.22.53-1024x152.png 1024w, https:\/\/gemaglobe.com\/wp-content\/uploads\/2021\/12\/Captura-de-pantalla-2021-12-08-a-las-20.22.53-300x45.png 300w, https:\/\/gemaglobe.com\/wp-content\/uploads\/2021\/12\/Captura-de-pantalla-2021-12-08-a-las-20.22.53-768x114.png 768w, https:\/\/gemaglobe.com\/wp-content\/uploads\/2021\/12\/Captura-de-pantalla-2021-12-08-a-las-20.22.53-1536x228.png 1536w, https:\/\/gemaglobe.com\/wp-content\/uploads\/2021\/12\/Captura-de-pantalla-2021-12-08-a-las-20.22.53-840x125.png 840w, https:\/\/gemaglobe.com\/wp-content\/uploads\/2021\/12\/Captura-de-pantalla-2021-12-08-a-las-20.22.53-600x89.png 600w, https:\/\/gemaglobe.com\/wp-content\/uploads\/2021\/12\/Captura-de-pantalla-2021-12-08-a-las-20.22.53-64x10.png 64w, https:\/\/gemaglobe.com\/wp-content\/uploads\/2021\/12\/Captura-de-pantalla-2021-12-08-a-las-20.22.53.png 1816w\" sizes=\"(max-width: 640px) 100vw, 640px\" \/><\/p>\n<p style=\"text-align: center;\"><strong>Fuente de alimentaci\u00f3n<\/strong><\/p>\n<p style=\"text-align: center;\"><img loading=\"lazy\" class=\"alignnone size-large wp-image-963\" src=\"http:\/\/gemagroup.ec\/wp-content\/uploads\/2021\/12\/Captura-de-pantalla-2021-12-08-a-las-20.23.54-1024x148.png\" alt=\"\" width=\"640\" height=\"93\" srcset=\"https:\/\/gemaglobe.com\/wp-content\/uploads\/2021\/12\/Captura-de-pantalla-2021-12-08-a-las-20.23.54-1024x148.png 1024w, https:\/\/gemaglobe.com\/wp-content\/uploads\/2021\/12\/Captura-de-pantalla-2021-12-08-a-las-20.23.54-300x43.png 300w, https:\/\/gemaglobe.com\/wp-content\/uploads\/2021\/12\/Captura-de-pantalla-2021-12-08-a-las-20.23.54-768x111.png 768w, https:\/\/gemaglobe.com\/wp-content\/uploads\/2021\/12\/Captura-de-pantalla-2021-12-08-a-las-20.23.54-1536x222.png 1536w, https:\/\/gemaglobe.com\/wp-content\/uploads\/2021\/12\/Captura-de-pantalla-2021-12-08-a-las-20.23.54-840x121.png 840w, https:\/\/gemaglobe.com\/wp-content\/uploads\/2021\/12\/Captura-de-pantalla-2021-12-08-a-las-20.23.54-600x87.png 600w, https:\/\/gemaglobe.com\/wp-content\/uploads\/2021\/12\/Captura-de-pantalla-2021-12-08-a-las-20.23.54-64x9.png 64w, https:\/\/gemaglobe.com\/wp-content\/uploads\/2021\/12\/Captura-de-pantalla-2021-12-08-a-las-20.23.54.png 1816w\" sizes=\"(max-width: 640px) 100vw, 640px\" \/><\/p>\n<p style=\"text-align: center;\"><strong>Sensor de humedad relativa<\/strong><\/p>\n<p style=\"text-align: center;\"><img loading=\"lazy\" class=\"alignnone size-large wp-image-964\" src=\"http:\/\/gemagroup.ec\/wp-content\/uploads\/2021\/12\/Captura-de-pantalla-2021-12-08-a-las-20.24.44-1024x262.png\" alt=\"\" width=\"640\" height=\"164\" srcset=\"https:\/\/gemaglobe.com\/wp-content\/uploads\/2021\/12\/Captura-de-pantalla-2021-12-08-a-las-20.24.44-1024x262.png 1024w, https:\/\/gemaglobe.com\/wp-content\/uploads\/2021\/12\/Captura-de-pantalla-2021-12-08-a-las-20.24.44-300x77.png 300w, https:\/\/gemaglobe.com\/wp-content\/uploads\/2021\/12\/Captura-de-pantalla-2021-12-08-a-las-20.24.44-768x196.png 768w, https:\/\/gemaglobe.com\/wp-content\/uploads\/2021\/12\/Captura-de-pantalla-2021-12-08-a-las-20.24.44-1536x393.png 1536w, https:\/\/gemaglobe.com\/wp-content\/uploads\/2021\/12\/Captura-de-pantalla-2021-12-08-a-las-20.24.44-840x215.png 840w, https:\/\/gemaglobe.com\/wp-content\/uploads\/2021\/12\/Captura-de-pantalla-2021-12-08-a-las-20.24.44-600x153.png 600w, https:\/\/gemaglobe.com\/wp-content\/uploads\/2021\/12\/Captura-de-pantalla-2021-12-08-a-las-20.24.44-64x16.png 64w, https:\/\/gemaglobe.com\/wp-content\/uploads\/2021\/12\/Captura-de-pantalla-2021-12-08-a-las-20.24.44.png 1822w\" sizes=\"(max-width: 640px) 100vw, 640px\" \/><\/p>\n","protected":false},"excerpt":{"rendered":"<ul>\n<li>3 sensores independientes de CO2, humedad y temperatura.<\/li>\n<li>Calibraci\u00f3n de CO2 operada por el usuario.<\/li>\n<li>Registro de datos USB: 50.000 registros.<\/li>\n<li>Bater\u00eda de respaldo interna para mantener la configuraci\u00f3n de fecha \/ hora.<\/li>\n<li>IC de administraci\u00f3n de energ\u00eda para aumentar la eficiencia de la bater\u00eda.<\/li>\n<li>Software de PC f\u00e1cil de usar para configuraci\u00f3n de par\u00e1metros y an\u00e1lisis de datos.<\/li>\n<li>Zumbador de alarma de CO2 interno.<\/li>\n<\/ul>\n","protected":false},"featured_media":965,"comment_status":"open","ping_status":"closed","template":"","meta":[],"_links":{"self":[{"href":"https:\/\/gemaglobe.com\/index.php\/wp-json\/wp\/v2\/product\/960"}],"collection":[{"href":"https:\/\/gemaglobe.com\/index.php\/wp-json\/wp\/v2\/product"}],"about":[{"href":"https:\/\/gemaglobe.com\/index.php\/wp-json\/wp\/v2\/types\/product"}],"replies":[{"embeddable":true,"href":"https:\/\/gemaglobe.com\/index.php\/wp-json\/wp\/v2\/comments?post=960"}],"wp:featuredmedia":[{"embeddable":true,"href":"https:\/\/gemaglobe.com\/index.php\/wp-json\/wp\/v2\/media\/965"}],"wp:attachment":[{"href":"https:\/\/gemaglobe.com\/index.php\/wp-json\/wp\/v2\/media?parent=960"}],"curies":[{"name":"wp","href":"https:\/\/api.w.org\/{rel}","templated":true}]}}