{"id":971,"date":"2021-12-18T13:22:27","date_gmt":"2021-12-18T18:22:27","guid":{"rendered":"https:\/\/gemagroup.ec\/?post_type=product&#038;p=971"},"modified":"2021-12-20T12:37:43","modified_gmt":"2021-12-20T17:37:43","slug":"cts-661r10","status":"publish","type":"product","link":"https:\/\/gemaglobe.com\/index.php\/product\/cts-661r10\/","title":{"rendered":"CTS-661R10"},"content":{"rendered":"<div style=\"width: 640px;\" class=\"wp-video\"><!--[if lt IE 9]><script>document.createElement('video');<\/script><![endif]-->\n<video class=\"wp-video-shortcode\" id=\"video-971-1\" width=\"640\" height=\"360\" preload=\"metadata\" controls=\"controls\"><source type=\"video\/mp4\" src=\"http:\/\/gemagroup.ec\/wp-content\/uploads\/2021\/12\/5f9926dd415a3.mp4?_=1\" \/><a href=\"http:\/\/gemagroup.ec\/wp-content\/uploads\/2021\/12\/5f9926dd415a3.mp4\">http:\/\/gemagroup.ec\/wp-content\/uploads\/2021\/12\/5f9926dd415a3.mp4<\/a><\/video><\/div>\n<p>&nbsp;<\/p>\n<p><strong>Hardware<\/strong><strong>\u00a0avanzado\u00a0\u00a0<\/strong><strong>,<\/strong><strong>\u00a0<\/strong><\/p>\n<p><strong>Alto rendimiento<\/strong><\/p>\n<p>&nbsp;<\/p>\n<p>Opci\u00f3n rentable para sus tareas de topograf\u00eda e ingenier\u00eda, su EDM de largo alcance, su sistema de eje con cojinetes de bolas de densidad y su m\u00f3dulo de medici\u00f3n de \u00e1ngulos de alta precisi\u00f3n representan el nivel m\u00e1s alto de habilidad de fabricaci\u00f3n de China.<\/p>\n<p>&nbsp;<\/p>\n<p>&nbsp;<\/p>\n<p><strong>Programa de encuesta pr\u00e1ctica<\/strong><\/p>\n<p>&nbsp;<\/p>\n<p>Varios de los programas de topograf\u00eda a bordo permiten a los top\u00f3grafos completar sus tareas directamente en el campo: compensaci\u00f3n de \u00e1ngulo, repetici\u00f3n de \u00e1ngulo, compensaci\u00f3n de distancia dual, medici\u00f3n de coordenadas, REM, MLM, replanteo, c\u00e1lculo de \u00e1reas, dise\u00f1o de carreteras, etc.<\/p>\n<p>&nbsp;<\/p>\n<p><strong>Pr\u00e1ctico software de transmisi\u00f3n de datos<\/strong><\/p>\n<p>&nbsp;<\/p>\n<p>CTS-632R10 admite conexi\u00f3n est\u00e1ndar USB y Bluetooth.<\/p>\n<p>El software especial de transmisi\u00f3n y edici\u00f3n de datos puede transferir datos r\u00e1pidamente y ahorrar tiempo.\u00a0Puede dise\u00f1ar carreteras y exportar a CTS-632R10 para DISE\u00d1O r\u00e1pidamente.\u00a0Se admiten varios formatos de datos.<\/p>\n<p>&nbsp;<\/p>\n<p><strong>Temperatura.\u00a0&amp; Presi\u00f3n<\/strong><\/p>\n<p><strong>Ajuste autom\u00e1tico<\/strong><\/p>\n<p>Los cambios de temperatura y presi\u00f3n tienen un impacto negativo en la precisi\u00f3n de las mediciones de distancia.\u00a0El Smart TP Sensor supervisa autom\u00e1ticamente los cambios y ajusta los c\u00e1lculos de distancia.<\/p>\n","protected":false},"excerpt":{"rendered":"<p>Caracter\u00edsticas:<\/p>\n<ul>\n<li><span class=\"card__icon-title\">1000m de a<\/span>lcance sin reflector<\/li>\n<li>Vista clara de EDM<\/li>\n<li>2 a\u00f1os de garant\u00eda<\/li>\n<li>Programa de encuesta pr\u00e1ctica<\/li>\n<li><span class=\"card__icon-title\">USB y Bluetooth- Comunicaci\u00f3n r\u00e1pida y sencilla<br \/>\n<\/span><\/li>\n<\/ul>\n<p>&nbsp;<\/p>\n","protected":false},"featured_media":750,"comment_status":"open","ping_status":"closed","template":"","meta":[],"_links":{"self":[{"href":"https:\/\/gemaglobe.com\/index.php\/wp-json\/wp\/v2\/product\/971"}],"collection":[{"href":"https:\/\/gemaglobe.com\/index.php\/wp-json\/wp\/v2\/product"}],"about":[{"href":"https:\/\/gemaglobe.com\/index.php\/wp-json\/wp\/v2\/types\/product"}],"replies":[{"embeddable":true,"href":"https:\/\/gemaglobe.com\/index.php\/wp-json\/wp\/v2\/comments?post=971"}],"wp:featuredmedia":[{"embeddable":true,"href":"https:\/\/gemaglobe.com\/index.php\/wp-json\/wp\/v2\/media\/750"}],"wp:attachment":[{"href":"https:\/\/gemaglobe.com\/index.php\/wp-json\/wp\/v2\/media?parent=971"}],"curies":[{"name":"wp","href":"https:\/\/api.w.org\/{rel}","templated":true}]}}