{"id":998,"date":"2022-01-06T22:37:23","date_gmt":"2022-01-07T03:37:23","guid":{"rendered":"https:\/\/gemagroup.ec\/?post_type=product&#038;p=998"},"modified":"2024-06-25T15:36:56","modified_gmt":"2024-06-25T20:36:56","slug":"k3-imu-k3x","status":"publish","type":"product","link":"https:\/\/gemaglobe.com\/index.php\/product\/k3-imu-k3x\/","title":{"rendered":"K3 (K3X)"},"content":{"rendered":"<p><img loading=\"lazy\" class=\"wp-image-999 alignleft\" src=\"http:\/\/gemagroup.ec\/wp-content\/uploads\/2022\/01\/61542d9cec820.jpg\" alt=\"\" width=\"424\" height=\"240\" srcset=\"https:\/\/gemaglobe.com\/wp-content\/uploads\/2022\/01\/61542d9cec820.jpg 686w, https:\/\/gemaglobe.com\/wp-content\/uploads\/2022\/01\/61542d9cec820-300x170.jpg 300w, https:\/\/gemaglobe.com\/wp-content\/uploads\/2022\/01\/61542d9cec820-529x300.jpg 529w, https:\/\/gemaglobe.com\/wp-content\/uploads\/2022\/01\/61542d9cec820-600x340.jpg 600w, https:\/\/gemaglobe.com\/wp-content\/uploads\/2022\/01\/61542d9cec820-64x36.jpg 64w\" sizes=\"(max-width: 424px) 100vw, 424px\" \/><\/p>\n<p style=\"text-align: right;\"><strong>El mejor en su clase<\/strong><\/p>\n<p style=\"text-align: right;\"><strong>Motor GNSS<\/strong><\/p>\n<p style=\"text-align: right;\">La avanzada tecnolog\u00eda GNSS de 965 canales integrada ayuda a K3IMU a recopilar la se\u00f1al de GPS, Glonass, Beidou, Galileo, QZSS, en particular el \u00faltimo BeiDou III. Mejor\u00f3 enormemente la calidad de los datos y la velocidad de captura de la se\u00f1al satelital de los levantamientos GNSS.<\/p>\n<p style=\"text-align: right;\">Video:\u00a0<a href=\"https:\/\/www.youtube.com\/watch?v=BIEyktshIgk\" target=\"_blank\" rel=\"noopener\">https:\/\/www.youtube.com\/watch?v=BIEyktshIgk<\/a><\/p>\n<p>&nbsp;<\/p>\n<p>&nbsp;<\/p>\n<p><img loading=\"lazy\" class=\"wp-image-1000 alignright\" src=\"http:\/\/gemagroup.ec\/wp-content\/uploads\/2022\/01\/61542d9caf84c.jpg\" alt=\"\" width=\"428\" height=\"243\" srcset=\"https:\/\/gemaglobe.com\/wp-content\/uploads\/2022\/01\/61542d9caf84c.jpg 686w, https:\/\/gemaglobe.com\/wp-content\/uploads\/2022\/01\/61542d9caf84c-300x170.jpg 300w, https:\/\/gemaglobe.com\/wp-content\/uploads\/2022\/01\/61542d9caf84c-529x300.jpg 529w, https:\/\/gemaglobe.com\/wp-content\/uploads\/2022\/01\/61542d9caf84c-600x340.jpg 600w, https:\/\/gemaglobe.com\/wp-content\/uploads\/2022\/01\/61542d9caf84c-64x36.jpg 64w\" sizes=\"(max-width: 428px) 100vw, 428px\" \/><\/p>\n<p><strong>&#8220;SOC&#8221;,<\/strong><\/p>\n<p><strong>Nueva estructura del sistema<\/strong><\/p>\n<p>&#8220;SOC&#8221; significa &#8220;System-on-Chip&#8221;, este nuevo dise\u00f1o integra varios m\u00f3dulos de hardware individuales en un microchip. El receptor puede ser mucho m\u00e1s liviano y m\u00e1s peque\u00f1o, el sistema funciona m\u00e1s estable y m\u00e1s r\u00e1pido, la velocidad de conexi\u00f3n bluetooth es m\u00e1s r\u00e1pida. La antena de \u201cIntegraci\u00f3n de alta-baja frecuencia\u201d puede restringir eficazmente la se\u00f1al de interrupci\u00f3n.<\/p>\n<p>&nbsp;<\/p>\n<p>&nbsp;<\/p>\n<p><img loading=\"lazy\" class=\"wp-image-1001 alignleft\" src=\"http:\/\/gemagroup.ec\/wp-content\/uploads\/2022\/01\/61542d9ce7e13.jpg\" alt=\"\" width=\"434\" height=\"246\" srcset=\"https:\/\/gemaglobe.com\/wp-content\/uploads\/2022\/01\/61542d9ce7e13.jpg 686w, https:\/\/gemaglobe.com\/wp-content\/uploads\/2022\/01\/61542d9ce7e13-300x170.jpg 300w, https:\/\/gemaglobe.com\/wp-content\/uploads\/2022\/01\/61542d9ce7e13-529x300.jpg 529w, https:\/\/gemaglobe.com\/wp-content\/uploads\/2022\/01\/61542d9ce7e13-600x340.jpg 600w, https:\/\/gemaglobe.com\/wp-content\/uploads\/2022\/01\/61542d9ce7e13-64x36.jpg 64w\" sizes=\"(max-width: 434px) 100vw, 434px\" \/><\/p>\n<p style=\"text-align: right;\"><strong>Constantemente sin calificar<\/strong><\/p>\n<p style=\"text-align: right;\"><strong>Medida inercial<\/strong><\/p>\n<p style=\"text-align: right;\">El sensor y el algoritmo inercial de tercera generaci\u00f3n de KOLIDA ya est\u00e1n a bordo. La velocidad de trabajo y la estabilidad se han mejorado en un 30% con respecto a la \u00faltima versi\u00f3n. Cuando la soluci\u00f3n fija GNSS se pierde y se recupera nuevamente, el sensor de inercia puede permanecer en el estado de trabajo en unos segundos, sin necesidad de perder tiempo para reactivarlo .<\/p>\n<p style=\"text-align: right;\">El \u00e1ngulo de inclinaci\u00f3n es de hasta 60 grados, la precisi\u00f3n es de hasta 2 cm.<\/p>\n<p>&nbsp;<\/p>\n<p>&nbsp;<\/p>\n<p>&nbsp;<\/p>\n<p><img loading=\"lazy\" class=\"wp-image-1002 alignright\" src=\"http:\/\/gemagroup.ec\/wp-content\/uploads\/2022\/01\/61542d9d04a90.jpg\" alt=\"\" width=\"444\" height=\"253\" srcset=\"https:\/\/gemaglobe.com\/wp-content\/uploads\/2022\/01\/61542d9d04a90.jpg 686w, https:\/\/gemaglobe.com\/wp-content\/uploads\/2022\/01\/61542d9d04a90-300x170.jpg 300w, https:\/\/gemaglobe.com\/wp-content\/uploads\/2022\/01\/61542d9d04a90-529x300.jpg 529w, https:\/\/gemaglobe.com\/wp-content\/uploads\/2022\/01\/61542d9d04a90-600x340.jpg 600w, https:\/\/gemaglobe.com\/wp-content\/uploads\/2022\/01\/61542d9d04a90-64x36.jpg 64w\" sizes=\"(max-width: 444px) 100vw, 444px\" \/><strong>0,69 kg,<\/strong><\/p>\n<p><strong>Experiencia de confort<\/strong><\/p>\n<p>K3 IMU es ultraligero, el peso total es de solo 0,69 kg incluida la bater\u00eda, un 40% incluso un 50% m\u00e1s ligero que un receptor GNSS tradicional. El dise\u00f1o liviano reduce la fatiga del top\u00f3grafo, aumenta su movilidad y es especialmente \u00fatil para trabajar en entornos desafiantes.<\/p>\n<p>Video:\u00a0<a href=\"https:\/\/www.youtube.com\/watch?v=ldd9zRLPUBo\" target=\"_blank\" rel=\"noopener\">https:\/\/www.youtube.com\/watch?v=ldd9zRLPUBo<\/a><\/p>\n<p>&nbsp;<\/p>\n<p>&nbsp;<\/p>\n<p>&nbsp;<\/p>\n<p style=\"text-align: right;\"><img loading=\"lazy\" class=\"wp-image-1003 alignleft\" src=\"http:\/\/gemagroup.ec\/wp-content\/uploads\/2022\/01\/61542d9d324e7.jpg\" alt=\"\" width=\"434\" height=\"246\" srcset=\"https:\/\/gemaglobe.com\/wp-content\/uploads\/2022\/01\/61542d9d324e7.jpg 686w, https:\/\/gemaglobe.com\/wp-content\/uploads\/2022\/01\/61542d9d324e7-300x170.jpg 300w, https:\/\/gemaglobe.com\/wp-content\/uploads\/2022\/01\/61542d9d324e7-529x300.jpg 529w, https:\/\/gemaglobe.com\/wp-content\/uploads\/2022\/01\/61542d9d324e7-600x340.jpg 600w, https:\/\/gemaglobe.com\/wp-content\/uploads\/2022\/01\/61542d9d324e7-64x36.jpg 64w\" sizes=\"(max-width: 434px) 100vw, 434px\" \/><strong>Un gran salto<\/strong><\/p>\n<p style=\"text-align: right;\"><strong>En horario de trabajo<\/strong><\/p>\n<p style=\"text-align: right;\">Gracias a la bater\u00eda de alta capacidad y al plan de gesti\u00f3n de energ\u00eda inteligente, K3 IMU puede funcionar hasta 12 horas en modo m\u00f3vil de radio RTK, hasta 15 horas en modo est\u00e1tico. El puerto de carga es USB tipo C, los usuarios pueden elegir el cargador r\u00e1pido KOLIDA o su propio cargador de tel\u00e9fono inteligente o banco de energ\u00eda para recargar.<\/p>\n<p style=\"text-align: right;\">\u00a0Video:\u00a0<a href=\"https:\/\/www.youtube.com\/watch?v=ckQNU4MS4uQ\" target=\"_blank\" rel=\"noopener\">https:\/\/www.youtube.com\/watch?v=ckQNU4MS4uQ<\/a><\/p>\n<p>&nbsp;<\/p>\n<p>&nbsp;<\/p>\n<p>&nbsp;<\/p>\n<p>&nbsp;<\/p>\n<p><img loading=\"lazy\" class=\"wp-image-1004 alignright\" src=\"http:\/\/gemagroup.ec\/wp-content\/uploads\/2022\/01\/61542d9d6ee90.jpg\" alt=\"\" width=\"417\" height=\"237\" srcset=\"https:\/\/gemaglobe.com\/wp-content\/uploads\/2022\/01\/61542d9d6ee90.jpg 686w, https:\/\/gemaglobe.com\/wp-content\/uploads\/2022\/01\/61542d9d6ee90-300x170.jpg 300w, https:\/\/gemaglobe.com\/wp-content\/uploads\/2022\/01\/61542d9d6ee90-529x300.jpg 529w, https:\/\/gemaglobe.com\/wp-content\/uploads\/2022\/01\/61542d9d6ee90-600x340.jpg 600w, https:\/\/gemaglobe.com\/wp-content\/uploads\/2022\/01\/61542d9d6ee90-64x36.jpg 64w\" sizes=\"(max-width: 417px) 100vw, 417px\" \/><strong>Operaci\u00f3n f\u00e1cil<\/strong><\/p>\n<p style=\"text-align: left;\">K3 IMU se puede conectar sin problemas a redes RTK GNSS a trav\u00e9s del controlador Android o un tel\u00e9fono inteligente con el software de recopilaci\u00f3n de datos de campo KOLIDA, para funcionar como un m\u00f3vil de red, tambi\u00e9n se puede trabajar como un m\u00f3vil de radio UHF utilizando su m\u00f3dem de radio interno.<\/p>\n<p>Video:\u00a0<a href=\"https:\/\/www.youtube.com\/watch?v=zuxUCUZs_E4\" target=\"_self\" rel=\"noopener\">https:\/\/www.youtube.com\/watch?v=zuxUCUZs_E4<\/a><\/p>\n<p>&nbsp;<\/p>\n<p>&nbsp;<\/p>\n<p><img loading=\"lazy\" class=\"wp-image-1005 alignleft\" src=\"http:\/\/gemagroup.ec\/wp-content\/uploads\/2022\/01\/61542eafd6a6c.jpg\" alt=\"\" width=\"524\" height=\"297\" srcset=\"https:\/\/gemaglobe.com\/wp-content\/uploads\/2022\/01\/61542eafd6a6c.jpg 686w, https:\/\/gemaglobe.com\/wp-content\/uploads\/2022\/01\/61542eafd6a6c-300x170.jpg 300w, https:\/\/gemaglobe.com\/wp-content\/uploads\/2022\/01\/61542eafd6a6c-529x300.jpg 529w, https:\/\/gemaglobe.com\/wp-content\/uploads\/2022\/01\/61542eafd6a6c-600x340.jpg 600w, https:\/\/gemaglobe.com\/wp-content\/uploads\/2022\/01\/61542eafd6a6c-64x36.jpg 64w\" sizes=\"(max-width: 524px) 100vw, 524px\" \/><\/p>\n<p>&nbsp;<\/p>\n<p style=\"text-align: right;\"><strong>Radio nueva,<\/strong><\/p>\n<p style=\"text-align: right;\"><strong>Farlink Tech.<\/strong><\/p>\n<p style=\"text-align: right;\">La tecnolog\u00eda Farlink est\u00e1 desarrollada para enviar una gran cantidad de datos y evitar la p\u00e9rdida de datos.<\/p>\n<p style=\"text-align: right;\">Este nuevo protocolo mejora la sensibilidad de captura de se\u00f1al de -110db a -117db, por lo que K3IMU puede captar la se\u00f1al muy d\u00e9bil de una estaci\u00f3n base lejana.<\/p>\n<p>&nbsp;<\/p>\n<p>&nbsp;<\/p>\n<p>&nbsp;<\/p>\n<p><img loading=\"lazy\" class=\"wp-image-1006 alignright\" src=\"http:\/\/gemagroup.ec\/wp-content\/uploads\/2022\/01\/5c91b97c518c3-1.jpg\" alt=\"\" width=\"389\" height=\"245\" srcset=\"https:\/\/gemaglobe.com\/wp-content\/uploads\/2022\/01\/5c91b97c518c3-1.jpg 817w, https:\/\/gemaglobe.com\/wp-content\/uploads\/2022\/01\/5c91b97c518c3-1-300x189.jpg 300w, https:\/\/gemaglobe.com\/wp-content\/uploads\/2022\/01\/5c91b97c518c3-1-768x484.jpg 768w, https:\/\/gemaglobe.com\/wp-content\/uploads\/2022\/01\/5c91b97c518c3-1-793x500.jpg 793w, https:\/\/gemaglobe.com\/wp-content\/uploads\/2022\/01\/5c91b97c518c3-1-476x300.jpg 476w, https:\/\/gemaglobe.com\/wp-content\/uploads\/2022\/01\/5c91b97c518c3-1-600x378.jpg 600w, https:\/\/gemaglobe.com\/wp-content\/uploads\/2022\/01\/5c91b97c518c3-1-64x40.jpg 64w\" sizes=\"(max-width: 389px) 100vw, 389px\" \/><\/p>\n<p>&nbsp;<\/p>\n<p><strong>Funciones\u00a0<\/strong><b>pr\u00e1cticas<\/b><\/p>\n<p>K3 IMU emplea el sistema Linux, ayuda a los top\u00f3grafos a cumplir sus misiones de manera m\u00e1s f\u00e1cil, r\u00e1pida y precisa al brindar una calidad excepcional y caracter\u00edsticas innovadoras.<\/p>\n<p>&nbsp;<\/p>\n","protected":false},"excerpt":{"rendered":"<ul>\n<li>IMUTecnolog\u00eda de medici\u00f3n de inclinaci\u00f3n de 2 cm \/ 60 \u00b0<\/li>\n<li>965 canalesSeguimiento de toda la se\u00f1al de constelaci\u00f3n<\/li>\n<li>0,69 kilogramos<br \/>\nUltraligero y peque\u00f1o<\/li>\n<li>Nueva estructura del sistema<\/li>\n<\/ul>\n","protected":false},"featured_media":1011,"comment_status":"open","ping_status":"closed","template":"","meta":[],"_links":{"self":[{"href":"https:\/\/gemaglobe.com\/index.php\/wp-json\/wp\/v2\/product\/998"}],"collection":[{"href":"https:\/\/gemaglobe.com\/index.php\/wp-json\/wp\/v2\/product"}],"about":[{"href":"https:\/\/gemaglobe.com\/index.php\/wp-json\/wp\/v2\/types\/product"}],"replies":[{"embeddable":true,"href":"https:\/\/gemaglobe.com\/index.php\/wp-json\/wp\/v2\/comments?post=998"}],"wp:featuredmedia":[{"embeddable":true,"href":"https:\/\/gemaglobe.com\/index.php\/wp-json\/wp\/v2\/media\/1011"}],"wp:attachment":[{"href":"https:\/\/gemaglobe.com\/index.php\/wp-json\/wp\/v2\/media?parent=998"}],"curies":[{"name":"wp","href":"https:\/\/api.w.org\/{rel}","templated":true}]}}